{"id":61,"date":"2023-06-05T12:42:03","date_gmt":"2023-06-05T12:42:03","guid":{"rendered":"https:\/\/www.vereinsring-finthen.de\/index.php\/start-vr\/"},"modified":"2024-02-02T04:40:13","modified_gmt":"2024-02-02T03:40:13","slug":"start-vr","status":"publish","type":"page","link":"https:\/\/www.vereinsring-finthen.de\/","title":{"rendered":"Start VR"},"content":{"rendered":"\n  \n    \n    <section class=\"u-clearfix u-grey-10 u-section-2\" id=\"sec-25f4\">\n      <div class=\"u-clearfix u-sheet u-sheet-1\"><\/div>\n    <\/section>\n    <section class=\"u-clearfix u-gradient u-section-3\" id=\"sec-c333\" data-animation-name=\"\" data-animation-duration=\"0\" data-animation-delay=\"0\" data-animation-direction=\"\">\n      <div class=\"u-clearfix u-sheet u-sheet-1\">\n        <div class=\"u-clearfix u-expanded-width u-gutter-0 u-layout-wrap u-layout-wrap-1\">\n          <div class=\"u-layout\">\n            <div class=\"u-layout-row\">\n              <div class=\"u-align-center u-container-style u-layout-cell u-left-cell u-size-23 u-layout-cell-1\">\n                <div class=\"u-container-layout u-valign-middle u-container-layout-1\">\n                  <div alt=\"\" class=\"u-image u-image-circle u-image-1\" src=\"\" data-image-width=\"360\" data-image-height=\"480\" style=\"background-image: url(&quot;https:\/\/www.vereinsring-finthen.de\/wp-content\/uploads\/2023\/06\/Hinkel_J.jpg&quot;);\"><\/div>\n                <\/div>\n              <\/div>\n              <div class=\"u-align-left u-container-style u-layout-cell u-right-cell u-size-37 u-layout-cell-2\">\n                <div class=\"u-container-layout u-valign-top u-container-layout-2\">\n                  <h2 class=\"u-text u-text-default u-text-1\">Gru\u00dfwort<\/h2>\n                  <p class=\"u-text u-text-2\">\n                    <span style=\"font-size: 1.125rem;\">Herzlich Willkommen auf unserer Webseite des Vereinsrings Mz-Finthen 1950.<br>\n                      <br>Der Vereinsring wurde 1950 als Dachorganisation f\u00fcr die Mitgliedsvereine im Vereinsring gegr\u00fcndet.<br>Mit dieser Webseite m\u00f6chten wir alle Finther B\u00fcrgerinnen und B\u00fcrger sowie Neub\u00fcrger \u00fcber die Vielfaltder freizeitgestaltung mit den Vereinsangeboten informieren.<br>Bei Interesse an Sport, Kultur usw. melden Sie sich bei bei den Ansprechpartnern der Vereine. Sie sind herzlich Willkommen.<br>Ich bitte Sie als Vorsitzender des Vereinsring \"unterst\u00fctzen Sie die Vereine zum Wohle unseres gesellschaftlichen und kulturellen Vereinslebens in unserem Stadtteil Mainz-Finthen\".<br>Dies ist besonders wichtig in einer Welt, in der das Gemeinschaftsgef\u00fchl verloren zu gehen droht.<br>Dies soll auch ien Aufruf an unsere Jugend sein, sich in den Vereinen mehr zu engagieren um diese Traditionen weiterzuf\u00fchren.<br>Wie sasgte unser ehemaliger Bundespr\u00e4sident Roman Herzog so richtig:<br>\n                      <span style=\"font-weight: 700;\">\"Die Vereine sind die tragende S\u00e4ule unseres Staates\"<\/span>\n                      <br>\n                      <br>Herzliche Gr\u00fc\u00dfe<br>Ihr J\u00fcrgen Hinkel \n                    <\/span>\n                    <br>\n                    <span style=\"font-size: 0.75rem;\">Vereinsringvorsitzender<\/span>\n                    <br>\n                    <br>\n                  <\/p>\n                <\/div>\n              <\/div>\n            <\/div>\n          <\/div>\n        <\/div>\n      <\/div>\n    <\/section>\n    <section class=\"u-align-left u-clearfix u-gradient u-section-4\" id=\"sec-2408\">\n      <div class=\"u-clearfix u-sheet u-sheet-1\">\n        <h4 class=\"u-align-center u-text u-text-default u-text-font u-text-1\">Aktuelles vom Vereinsring<\/h4>\n        <div class=\"u-blog u-expanded-width u-layout-horizontal u-blog-1 u-hidden-visibility\" >\n          <div class=\"u-list-control\"><\/div>\n          <div class=\"u-repeater u-repeater-1\">\n            <div class=\"u-blog-post u-container-style u-repeater-item u-repeater-item-1\">\n              <div class=\"u-container-layout u-similar-container u-valign-top u-container-layout-1\"><a class=\"u-blog-control u-expanded-width u-image u-image-default u-image-1\" href=\"https:\/\/www.vereinsring-finthen.de\/index.php\/2026\/04\/12\/beitrag-2-titel\/\">\n                <img decoding=\"async\" alt=\"\" class=\"u-blog-control u-expanded-width u-image u-image-default u-image-1\" src=\"https:\/\/www.vereinsring-finthen.de\/wp-content\/uploads\/2023\/06\/Bild.jpg\"><\/a>\n                <h4 class=\"u-blog-control u-custom-font u-text u-text-font u-text-2\">\n                  <a class=\"u-post-header-link\" href=\"https:\/\/www.vereinsring-finthen.de\/index.php\/2026\/04\/12\/beitrag-2-titel\/\">Saisonstart bei den Radfahrern...<\/a>\n                <\/h4>\n                <div class=\"u-blog-control u-metadata u-metadata-1\">\n                  <span class=\"u-meta-date u-meta-icon\">12. April 2026<\/span>\n                <\/div>\n                <div class=\"u-align-left u-blog-control u-post-content u-text u-text-3\">Wein und Sein startet wieder.<\/div>\n                <a href=\"https:\/\/www.vereinsring-finthen.de\/index.php\/2026\/04\/12\/beitrag-2-titel\/\" class=\"u-active-none u-blog-control u-border-2 u-border-no-left u-border-no-right u-border-no-top u-border-palette-1-base u-btn u-btn-rectangle u-button-style u-hover-none u-none u-btn-1\">Weiter ...\u00a0<\/a>\n              <\/div>\n            <\/div>\n            <div class=\"u-blog-post u-container-style u-repeater-item u-repeater-item-2\">\n              <div class=\"u-container-layout u-similar-container u-valign-top u-container-layout-2\"><a class=\"u-blog-control u-expanded-width u-image u-image-default u-image-2\" href=\"https:\/\/www.vereinsring-finthen.de\/index.php\/2026\/04\/10\/beitrag-3-titel\/\">\n                <img decoding=\"async\" alt=\"\" class=\"u-blog-control u-expanded-width u-image u-image-default u-image-2\" src=\"https:\/\/www.vereinsring-finthen.de\/wp-content\/uploads\/2023\/06\/Bild-1.jpg\"><\/a>\n                <h4 class=\"u-blog-control u-custom-font u-text u-text-font u-text-4\">\n                  <a class=\"u-post-header-link\" href=\"https:\/\/www.vereinsring-finthen.de\/index.php\/2026\/04\/10\/beitrag-3-titel\/\">Unser Mitglied S\u00e4ngervereinigung...<\/a>\n                <\/h4>\n                <div class=\"u-blog-control u-metadata u-metadata-2\">\n                  <span class=\"u-meta-date u-meta-icon\">10. April 2026<\/span>\n                <\/div>\n                <div class=\"u-align-left u-blog-control u-post-content u-text u-text-5\">Jubil\u00e4umskonzert am Sa., 25.4. im B\u00fcrgerhaus Finthen.<\/div>\n                <a href=\"https:\/\/www.vereinsring-finthen.de\/index.php\/2026\/04\/10\/beitrag-3-titel\/\" class=\"u-active-none u-blog-control u-border-2 u-border-no-left u-border-no-right u-border-no-top u-border-palette-1-base u-btn u-btn-rectangle u-button-style u-hover-none u-none u-btn-2\">Weiter ...\u00a0<\/a>\n              <\/div>\n            <\/div>\n            <div class=\"u-blog-post u-container-style u-repeater-item u-repeater-item-1\">\n              <div class=\"u-container-layout u-similar-container u-valign-top u-container-layout-1\"><a class=\"u-blog-control u-expanded-width u-image u-image-default u-image-1\" href=\"https:\/\/www.vereinsring-finthen.de\/index.php\/2025\/12\/09\/beitrag-6-titel\/\">\n                <img decoding=\"async\" alt=\"\" class=\"u-blog-control u-expanded-width u-image u-image-default u-image-1\" src=\"https:\/\/www.vereinsring-finthen.de\/wp-content\/uploads\/2025\/09\/IMG_6311-scaled.jpeg\"><\/a>\n                <h4 class=\"u-blog-control u-custom-font u-text u-text-font u-text-2\">\n                  <a class=\"u-post-header-link\" href=\"https:\/\/www.vereinsring-finthen.de\/index.php\/2025\/12\/09\/beitrag-6-titel\/\">Das neue Jahresheft 2026 ist da<\/a>\n                <\/h4>\n                <div class=\"u-blog-control u-metadata u-metadata-1\">\n                  <span class=\"u-meta-date u-meta-icon\">9. Dezember 2025<\/span>\n                <\/div>\n                <div class=\"u-align-left u-blog-control u-post-content u-text u-text-3\"><p>\n\n\n\n\n\n<\/p><\/div>\n                <a href=\"https:\/\/www.vereinsring-finthen.de\/index.php\/2025\/12\/09\/beitrag-6-titel\/\" class=\"u-active-none u-blog-control u-border-2 u-border-no-left u-border-no-right u-border-no-top u-border-palette-1-base u-btn u-btn-rectangle u-button-style u-hover-none u-none u-btn-1\">Weiter ...\u00a0<\/a>\n              <\/div>\n            <\/div>\n            <div class=\"u-blog-post u-container-style u-repeater-item u-repeater-item-2\">\n              <div class=\"u-container-layout u-similar-container u-valign-top u-container-layout-2\"><a class=\"u-blog-control u-expanded-width u-image u-image-default u-image-2\" href=\"https:\/\/www.vereinsring-finthen.de\/index.php\/2025\/10\/23\/beitrag-5-titel\/\">\n                <img decoding=\"async\" alt=\"\" class=\"u-blog-control u-expanded-width u-image u-image-default u-image-2\" src=\"https:\/\/www.vereinsring-finthen.de\/wp-content\/uploads\/2025\/10\/IMG_6172-scaled.jpeg\"><\/a>\n                <h4 class=\"u-blog-control u-custom-font u-text u-text-font u-text-4\">\n                  <a class=\"u-post-header-link\" href=\"https:\/\/www.vereinsring-finthen.de\/index.php\/2025\/10\/23\/beitrag-5-titel\/\">Vorstand best\u00e4tigt<\/a>\n                <\/h4>\n                <div class=\"u-blog-control u-metadata u-metadata-2\">\n                  <span class=\"u-meta-date u-meta-icon\">23. Oktober 2025<\/span>\n                <\/div>\n                <div class=\"u-align-left u-blog-control u-post-content u-text u-text-5\">Mitgliederversammlung am 20.6.2023<\/div>\n                <a href=\"https:\/\/www.vereinsring-finthen.de\/index.php\/2025\/10\/23\/beitrag-5-titel\/\" class=\"u-active-none u-blog-control u-border-2 u-border-no-left u-border-no-right u-border-no-top u-border-palette-1-base u-btn u-btn-rectangle u-button-style u-hover-none u-none u-btn-2\">Weiter ...\u00a0<\/a>\n              <\/div>\n            <\/div>\n          <\/div>\n          <a class=\"u-absolute-vcenter u-gallery-nav u-gallery-nav-prev u-grey-70 u-icon-circle u-opacity u-opacity-70 u-spacing-10 u-text-white u-gallery-nav-1\" href=\"#\" role=\"button\">\n            <span aria-hidden=\"true\">\n              <svg viewBox=\"0 0 451.847 451.847\"><path d=\"M97.141,225.92c0-8.095,3.091-16.192,9.259-22.366L300.689,9.27c12.359-12.359,32.397-12.359,44.751,0\nc12.354,12.354,12.354,32.388,0,44.748L173.525,225.92l171.903,171.909c12.354,12.354,12.354,32.391,0,44.744\nc-12.354,12.365-32.386,12.365-44.745,0l-194.29-194.281C100.226,242.115,97.141,234.018,97.141,225.92z\"><\/path><\/svg>\n            <\/span>\n            <span class=\"sr-only\">\n              <svg viewBox=\"0 0 451.847 451.847\"><path d=\"M97.141,225.92c0-8.095,3.091-16.192,9.259-22.366L300.689,9.27c12.359-12.359,32.397-12.359,44.751,0\nc12.354,12.354,12.354,32.388,0,44.748L173.525,225.92l171.903,171.909c12.354,12.354,12.354,32.391,0,44.744\nc-12.354,12.365-32.386,12.365-44.745,0l-194.29-194.281C100.226,242.115,97.141,234.018,97.141,225.92z\"><\/path><\/svg>\n            <\/span>\n          <\/a>\n          <a class=\"u-absolute-vcenter u-gallery-nav u-gallery-nav-next u-grey-70 u-icon-circle u-opacity u-opacity-70 u-spacing-10 u-text-white u-gallery-nav-2\" href=\"#\" role=\"button\">\n            <span aria-hidden=\"true\">\n              <svg viewBox=\"0 0 451.846 451.847\"><path d=\"M345.441,248.292L151.154,442.573c-12.359,12.365-32.397,12.365-44.75,0c-12.354-12.354-12.354-32.391,0-44.744\nL278.318,225.92L106.409,54.017c-12.354-12.359-12.354-32.394,0-44.748c12.354-12.359,32.391-12.359,44.75,0l194.287,194.284\nc6.177,6.18,9.262,14.271,9.262,22.366C354.708,234.018,351.617,242.115,345.441,248.292z\"><\/path><\/svg>\n            <\/span>\n            <span class=\"sr-only\">\n              <svg viewBox=\"0 0 451.846 451.847\"><path d=\"M345.441,248.292L151.154,442.573c-12.359,12.365-32.397,12.365-44.75,0c-12.354-12.354-12.354-32.391,0-44.744\nL278.318,225.92L106.409,54.017c-12.354-12.359-12.354-32.394,0-44.748c12.354-12.359,32.391-12.359,44.75,0l194.287,194.284\nc6.177,6.18,9.262,14.271,9.262,22.366C354.708,234.018,351.617,242.115,345.441,248.292z\"><\/path><\/svg>\n            <\/span>\n          <\/a>\n          <div class=\"u-list-control\"><\/div>\n        <\/div>\n      <\/div>\n    <\/section>\n    \n    \n    \n  \n","protected":false},"excerpt":{"rendered":"<p>Gru\u00dfwort Herzlich Willkommen auf unserer Webseite des Vereinsrings Mz-Finthen 1950. Der Vereinsring wurde 1950 als Dachorganisation f\u00fcr die Mitgliedsvereine im Vereinsring gegr\u00fcndet.Mit dieser Webseite m\u00f6chten wir alle Finther B\u00fcrgerinnen und B\u00fcrger sowie Neub\u00fcrger \u00fcber die Vielfaltder freizeitgestaltung mit den Vereinsangeboten informieren.Bei Interesse an Sport, Kultur usw. melden Sie sich bei bei den Ansprechpartnern der Vereine. &hellip; <a href=\"https:\/\/www.vereinsring-finthen.de\/\" class=\"more-link\">Continue reading<span class=\"screen-reader-text\"> &#8222;Start VR&#8220;<\/span><\/a><\/p>\n","protected":false},"author":1,"featured_media":0,"parent":0,"menu_order":1,"comment_status":"closed","ping_status":"closed","template":"","meta":{"footnotes":""},"class_list":["post-61","page","type-page","status-publish","hentry"],"_links":{"self":[{"href":"https:\/\/www.vereinsring-finthen.de\/index.php\/wp-json\/wp\/v2\/pages\/61","targetHints":{"allow":["GET"]}}],"collection":[{"href":"https:\/\/www.vereinsring-finthen.de\/index.php\/wp-json\/wp\/v2\/pages"}],"about":[{"href":"https:\/\/www.vereinsring-finthen.de\/index.php\/wp-json\/wp\/v2\/types\/page"}],"author":[{"embeddable":true,"href":"https:\/\/www.vereinsring-finthen.de\/index.php\/wp-json\/wp\/v2\/users\/1"}],"replies":[{"embeddable":true,"href":"https:\/\/www.vereinsring-finthen.de\/index.php\/wp-json\/wp\/v2\/comments?post=61"}],"version-history":[{"count":2,"href":"https:\/\/www.vereinsring-finthen.de\/index.php\/wp-json\/wp\/v2\/pages\/61\/revisions"}],"predecessor-version":[{"id":188,"href":"https:\/\/www.vereinsring-finthen.de\/index.php\/wp-json\/wp\/v2\/pages\/61\/revisions\/188"}],"wp:attachment":[{"href":"https:\/\/www.vereinsring-finthen.de\/index.php\/wp-json\/wp\/v2\/media?parent=61"}],"curies":[{"name":"wp","href":"https:\/\/api.w.org\/{rel}","templated":true}]}}