{"id":63,"date":"2023-06-05T12:42:05","date_gmt":"2023-06-05T12:42:05","guid":{"rendered":"https:\/\/www.vereinsring-finthen.de\/index.php\/datenschutz\/"},"modified":"2024-02-02T04:41:10","modified_gmt":"2024-02-02T03:41:10","slug":"datenschutz","status":"publish","type":"page","link":"https:\/\/www.vereinsring-finthen.de\/index.php\/datenschutz\/","title":{"rendered":"Datenschutz"},"content":{"rendered":"\n  \n    \n    <section class=\"u-clearfix u-grey-10 u-section-2\" id=\"sec-22c4\">\n      <div class=\"u-clearfix u-sheet u-sheet-1\"><\/div>\n    <\/section>\n    <section class=\"u-align-left u-clearfix u-gradient u-section-3\" id=\"sec-44ec\">\n      <div class=\"u-clearfix u-sheet u-sheet-1\">\n        <div class=\"fr-view u-clearfix u-rich-text u-text u-text-1\">\n          <h1 style=\"text-align: left;\">\n            <span style=\"font-size: 1.5rem; font-weight: 700;\">Datenschutz<\/span>\n          <\/h1>\n          <p id=\"isPasted\">Die nachfolgende Datenschutzerkl\u00e4rung gilt f\u00fcr die Nutzung der Webseite [https:\/\/www.vereinsring-finthen.de] - (nachfolgend als \u201eWebsite\u201d bezeichnet) betrieben durch den Vereinsring Finthen (nachfolgend als \u201eBetreiber\u201d bezeichnet).<\/p>\n          <p>Grundlagen f\u00fcr die Datenschutzerkl\u00e4rung sind die Bestimmungen der Verordnung der Europ\u00e4ischen Union 2016\/679 (Datenschutz-Grundverordnung) mit den zugeh\u00f6rigen Erw\u00e4gungsgr\u00fcnden und das Bundesdatenschutzgesetz_neu BDSG (neu) 2018.<\/p>\n          <p>Eine Nutzung unserer frei zug\u00e4nglichen Internetseiten ist grunds\u00e4tzlich ohne jede Angabe personenbezogener Daten m\u00f6glich.<\/p>\n          <p>Wenn eine Erhebung oder Verarbeitung personenbezogener Daten, beispielsweise des Namens, der Anschrift, eMail-Adresse oder Telefonnummer einer Person notwendig wird, erfolgt dieses stets im Einklang mit der Datenschutz-Grundverordnung (DS-GVO) und in \u00dcbereinstimmung mit Bundesdatenschutzgesetz_neu (BDSG_neu). Diese Daten werden nur solange gespeichert, wie es f\u00fcr die Durchsetzung von Vereinszielen (Artikel 6 Absatz 1 Buchstabe b DSGVO) n\u00f6tig ist.<\/p>\n          <p>Mit Ihrem Besuch unserer Website entsteht ein konkludentes Vertragsverh\u00e4ltnis und Sie stimmen der Erfassung, Nutzung und \u00dcbertragung Ihrer Daten gem\u00e4\u00df dieser Datenschutzerkl\u00e4rung zu. Auf der anderen Seite verpflichten wir uns, Ihre Daten nach den Grunds\u00e4tzen der gesetzlichen Bestimmungen zu behandeln.<\/p>\n          <p>Verantwortliche Stelle im Sinne der Datenschutzgesetze<\/p>\n          <p>Vereinsring Finthen<br>Kronenstr. 5<br>55126 Mainz-Finthen<br>vereinsring@finthen.de \n          <\/p>\n          <p>Erfassung allgemeiner Informationen<\/p>\n          <p>Diese Website erfasst mit jedem Aufruf der Internetseite durch eine betroffene Person oder ein automatisiertes System eine Reihe von allgemeinen Daten und Informationen. Diese allgemeinen Daten und Informationen werden in den Logfiles des Servers gespeichert. Erfasst werden k\u00f6nnen die verwendeten Browsertypen und Versionen, das vom zugreifenden System verwendete Betriebssystem, die Internetseite, von welcher ein zugreifendes System auf unsere Internetseite gelangt (sogenannte Referrer), die Unterwebseiten, welche \u00fcber ein zugreifendes System auf unserer Internetseite angesteuert werden, das Datum und die Uhrzeit eines Zugriffs auf die Internetseite, eine Internet-Protokoll-Adresse (IP-Adresse), der Internet-Service-Provider des zugreifenden Systems und sonstige \u00e4hnliche Daten und Informationen, die der Gefahrenabwehr im Falle von Angriffen auf unser InformationsTechnologisches System dienen.<\/p>\n          <p>Bei der Nutzung dieser allgemeinen Daten und Informationen ziehen wir keine R\u00fcckschl\u00fcsse auf die betroffene Person. Diese Informationen werden vielmehr ben\u00f6tigt, um die Inhalte unserer Internetseite korrekt auszuliefern und zu optimieren, die dauerhafte Funktionsf\u00e4higkeit des InformationsTechnologischen Systems unserer Internetseite zu gew\u00e4hrleisten, sowie um Strafverfolgungsbeh\u00f6rden im Falle eines Cyberangriffes die zur Strafverfolgung notwendigen Informationen bereitzustellen. Diese anonym erhobenen Daten und Informationen werden durch den Betreiber mit dem Ziel statistisch ausgewertet, die Datensicherheit auf dieser Website zu erhalten, beziehungsweise zu erh\u00f6hen, um letztlich ein optimales Schutzniveau f\u00fcr die von uns verarbeiteten Daten sicherzustellen. Die anonymen Daten der Server-Logfiles werden getrennt von allen durch eine betroffene Person angegebenen personenbezogenen Daten gespeichert. Wenn keine St\u00f6rungen oder Angriffe erolgt sind, oder Gegenteiliges von den Strafvervolgungsbeh\u00f6rden angeordnet wird, werden diese Log-Files nach 7 Tagen automatisch gel\u00f6scht.<\/p>\n          <p>Tracking<\/p>\n          <p>Tracking ist die Sammlung von Daten und deren Auswertung bez\u00fcglich des Verhaltens von Besuchern auf Websites. Dabei wird untersucht, woher die Besucher kommen, welche Bereiche auf einer Internetseite aufgesucht werden und wie oft und wie lange welche Unterseiten und Kategorien angesehen werden. Tracking wird vor allem zur Optimierung der Website und zur besseren Erreichung von Zielen der Website und der Auffindung von Schwachpunkten eingesetzt.<\/p>\n          <p>Sie haben in Ihren Browser-Einstellungen das Tracking aktiviert und darum behalten wir uns vor, geeignete Werkzeuge zur Analyse einzusetzen. Sie k\u00f6nnen diesem widersprechen, indem Sie die sogenannte \u201eDo Not Track\u201d-Einstellung in Ihren Browsereinstellungen aktivieren.&nbsp;<\/p>\n          <p>Profiling<\/p>\n          <p>Profiling ist jede Art der automatisierten Verarbeitung personenbezogener Daten, die darin besteht, dass diese personenbezogenen Daten verwendet werden, um bestimmte pers\u00f6nliche Aspekte, die sich auf eine nat\u00fcrliche Person beziehen, zu bewerten. Profiling findet f\u00fcr den Bereich dieser Website nicht statt.<\/p>\n          <p>Verschl\u00fcsselung<\/p>\n          <p>Um die Sicherheit aller Daten bei der \u00dcbertragung zu sch\u00fctzen, verwenden wir dem aktuellen Stand der Technik entsprechende Verschl\u00fcsselungsverfahren und zwar das hybride Verschl\u00fcsselungsprotokoll Transport Layer Security (TLS) \u00fcber HTTPS. Genauer: TLS ECDHE RSA 128-Bit-Schl\u00fcssel, TLS 1.2. Es ist daher unwahrscheinlich, dass die Website bei der \u00dcbertragung mitgelesen wird. Die Schl\u00fcssel werden regelm\u00e4\u00dfig \u00fcberpr\u00fcft und erneuert, dieser Vorgang wird protokolliert. Die Protokolle k\u00f6nnen durch die verantwortlichen Beh\u00f6rden eingesehen werden.<\/p>\n          <p>Cookies<\/p>\n          <p>Wir verwenden so genannte \u201eCookies\u201d. Cookies sind kleine Textdateien, die von einem Webseitenserver auf Ihre Festplatte \u00fcbertragen werden. Hierdurch erhalten wir automatisch bestimmte Daten wie z. B. IP-Adresse, verwendeter Browser, Betriebssystem \u00fcber Ihren Computer und Ihre Verbindung zum Internet. In keinem Fall werden die von uns erfassten Daten an Dritte weitergegeben oder eine Verkn\u00fcpfung mit personenbezogenen Daten hergestellt.&nbsp;<\/p>\n          <p>Cookies k\u00f6nnen nicht verwendet werden, um Programme zu starten oder Viren auf einen Computer zu \u00fcbertragen. Anhand der in Cookies enthaltenen Informationen k\u00f6nnen wir Ihnen die Navigation erleichtern und die korrekte Anzeige unserer Webseiten erm\u00f6glichen.<\/p>\n          <p>Nat\u00fcrlich k\u00f6nnen Sie unsere Website grunds\u00e4tzlich auch ohne Cookies betrachten. Internet-Browser sind regelm\u00e4\u00dfig so eingestellt, dass sie Cookies akzeptieren. Sie k\u00f6nnen die Verwendung von Cookies jederzeit \u00fcber die Einstellungen Ihres Browsers deaktivieren. Bitte verwenden Sie die Hilfefunktionen Ihres Internetbrowsers, um zu erfahren, wie Sie diese Einstellungen \u00e4ndern k\u00f6nnen. Bitte beachten Sie, dass einzelne Funktionen unserer Website m\u00f6glicherweise nicht ausgef\u00fchrt werden, wenn Sie die Verwendung von Cookies deaktiviert haben.<\/p>\n          <p>Eingebundene Dienste und Inhalte Dritter<\/p>\n          <p>Wir nutzen auf unserer Website durch Drittanbieter bereitgestellte Dienste, Services und Inhalte (nachfolgend zusammenfassend als \u201aInhalte\u2019 bezeichnet). F\u00fcr eine solche Einbindung ist eine Verarbeitung Ihrer IP-Adresse technisch notwendig, damit die Inhalte an Ihren Browser gesendet werden k\u00f6nnen. Ihre IP-Adresse wird daher an die jeweiligen Drittanbieter \u00fcbermittelt. Diese Datenverarbeitungen erfolgen jeweils zur Wahrung unserer berechtigten Interessen an der Optimierung und dem wirtschaftlichen Betrieb unserer Website und beruhen auf der Rechtsgrundlage des Artikels 6 Absatz 1 S. 1 f DSGVO. Zur Einbindung der Inhalte wird regelm\u00e4\u00dfig die Programmiersprache JavaScript verwendet. Sie k\u00f6nnen der Datenverarbeitung daher widersprechen, indem Sie die Ausf\u00fchrung von JavaScript in Ihrem Browser deaktivieren oder einen JavaScript-Blocker installieren. Bitte beachten Sie, dass es hierdurch zu Funktionseinschr\u00e4nkungen auf der Website kommt, einzelne Inhalte werden nicht oder nicht korrekt angezeigt.<\/p>\n          <p>Wir haben in unsere Website Inhalte der folgenden durch Drittanbieter bereitgestellten Dienste eingebunden:<\/p>\n          <p>Wir nutzen auf unserer Website durch Drittanbieter bereitgestellte Dienste, Services und Inhalte (nachfolgend zusammenfassend als \u201aInhalte\u2019 bezeichnet). F\u00fcr eine solche Einbindung ist eine Verarbeitung Ihrer IP-Adresse technisch notwendig, damit die Inhalte an Ihren Browser gesendet werden k\u00f6nnen. Ihre IP-Adresse wird daher an die jeweiligen Drittanbieter \u00fcbermittelt. Diese Datenverarbeitungen erfolgen jeweils zur Wahrung unserer berechtigten Interessen an der Optimierung und dem wirtschaftlichen Betrieb unserer Website und beruhen auf der Rechtsgrundlage des Artikels 6 Absatz 1 S. 1 f DSGVO. Zur Einbindung der Inhalte wird regelm\u00e4\u00dfig die Programmiersprache JavaScript verwendet. Sie k\u00f6nnen der Datenverarbeitung daher widersprechen, indem Sie die Ausf\u00fchrung von JavaScript in Ihrem Browser deaktivieren oder einen JavaScript-Blocker installieren. Bitte beachten Sie, dass es hierdurch zu Funktionseinschr\u00e4nkungen auf der Website kommt, einzelne Inhalte werden nicht oder nicht korrekt angezeigt.<\/p>\n          <p>Scriptbibliotheken (Google Webfonts und Fontawesome)<\/p>\n          <p>Um unsere Inhalte browser\u00fcbergreifend korrekt darzustellen, verwenden wir auf dieser Website Scriptbibliotheken (Schriftbibliotheken) von Google Webfonts und Fontawesome. Google Webfonts werden zur Vermeidung mehrfachen Ladens in den Cache Ihres Browsers \u00fcbertragen. Falls der Browser die Google Webfonts nicht unterst\u00fctzt oder den Zugriff unterbindet, werden Inhalte in einer Standardschrift angezeigt. Die Schriftart-Dateien von Fontawesome sind auf der Website gespeichert, es erfolgt kein Aufruf an den Hersteller, es werdwen somit auch keine Saten \u00fcbermittelt. Der Aufruf von Scriptbibliotheken oder Schriftbibliotheken l\u00f6st automatisch eine Verbindung zum Betreiber der Bibliothek aus. Dabei ist es theoretisch m\u00f6glich \u2013 aktuell allerdings auch unklar ob und ggf. zu welchen Zwecken \u2013 dass Betreiber entsprechender Bibliotheken Daten erheben. Die Datenschutzrichtlinie des Bibliothekbetreibers Google finden Sie &nbsp;hier.<\/p>\n          <p>YouTube-Videos<\/p>\n          <p>Auf dieser Website werden keine YouTube-Videos eingebettet.&nbsp;<\/p>\n          <p>Soziale Netzwerke<\/p>\n          <p>\u00dcber diese Website ist das Erreichen von von sozialen Netzwerken wie Facebook, Twitter, Google+, LinkedIn und auch Xing nicht m\u00f6glich, die n\u00f6tigen Social Plugins sind nicht eingebunden.&nbsp;<\/p>\n          <p>Kontaktformulare<\/p>\n          <p>Treten Sie \u00fcber ein Kontaktformular mit uns oder einem der von uns vertretenden Vereine in Kontakt, werden die von Ihnen gemachten Angaben zum Zwecke der Bearbeitung der Anfrage sowie f\u00fcr m\u00f6gliche Anschlussfragen gespeichert, die Speicherung erfolgt in einem hash-codierten Speicher. Nach Abschluss aller, aus dem Kontakt entstandenen Aktivit\u00e4ten, werden die Daten automatisch gel\u00f6scht.<\/p>\n          <p>Ver\u00f6ffentlichung von Daten \u00fcber unsere Internetseite<\/p>\n          <p>Auf den Seiten unserer Website erscheinen keine personenbezogenen Daten, ausgenommen offizielle und vom Gesetzgeber vorgeschrieben. Die personenbezogenen Daten in den Profilen der Vereine unterliegen der Verantwortung der Vereine.&nbsp;<\/p>\n          <p>Routinem\u00e4\u00dfige L\u00f6schung und Sperrung von personenbezogenen Daten&nbsp;<\/p>\n          <p>Wir halten uns an die Grunds\u00e4tze der Datenvermeidung und Datensparsamkeit. Wir speichern Ihre personenbezogenen Daten daher nur so lange, wie dies zur Erreichung der hier genannten Zwecke erforderlich ist oder wie es die vom Gesetzgeber vorgesehenen vielf\u00e4ltigen Speicherfristen vorsehen sind. Nach Fortfall des jeweiligen Zweckes bzw. Ablauf dieser Fristen werden die entsprechenden Daten routinem\u00e4\u00dfig und entsprechend den gesetzlichen Vorschriften gesperrt oder gel\u00f6scht.&nbsp;<\/p>\n          <p>Ihre Rechte auf Auskunft, Berichtigung, Sperre, L\u00f6schung und Widerspruch<\/p>\n          <p>Sie haben das Recht, jederzeit Auskunft \u00fcber Ihre bei uns gespeicherten personenbezogenen Daten zu erhalten. Ebenso haben Sie das Recht auf Berichtigung, Sperrung oder, abgesehen von der vorgeschriebenen Datenspeicherung zur Gesch\u00e4ftsabwicklung, L\u00f6schung Ihrer personenbezogenen Daten. Bitte wenden Sie sich dazu an unseren Administrator, die Kontaktdaten finden Sie oben.<\/p>\n          <p>Damit eine Sperre von Daten jederzeit ber\u00fccksichtigt werden kann, m\u00fcssen diese Daten zu Kontrollzwecken in einer Sperrdatei vorgehalten werden. Sie k\u00f6nnen auch die L\u00f6schung der Daten verlangen, soweit keine gesetzliche Archivierungsverpflichtung besteht. Soweit eine solche Verpflichtung besteht, sperren wir Ihre Daten auf Wunsch.Sie k\u00f6nnen \u00c4nderungen oder den Widerruf einer Einwilligung durch entsprechende Mitteilung an uns mit Wirkung f\u00fcr die Zukunft vornehmen.<\/p>\n          <p>Sie k\u00f6nnen sich jederzeit mit einer Beschwerde an die f\u00fcr Sie zust\u00e4ndige Aufsichtsbeh\u00f6rde wenden. Ihre zust\u00e4ndige Aufsichtsbeh\u00f6rde richtet sich nach dem Bundesland Ihres Wohnsitzes, Ihrer Arbeit oder der mutma\u00dflichen Verletzung.&nbsp;<\/p>\n          <p>Eine Liste der Aufsichtsbeh\u00f6rden (f\u00fcr den nicht\u00f6ffentlichen Bereich) mit Anschrift finden Sie &nbsp;hier.\u00c4nderung unserer DatenschutzbestimmungenWir behalten uns vor, diese Datenschutzerkl\u00e4rung gelegentlich anzupassen, damit sie stets den aktuellen rechtlichen Anforderungen entspricht oder um \u00c4nderungen unserer Leistungen in der Datenschutzerkl\u00e4rung umzusetzen, z. B. bei der Einf\u00fchrung neuer Services. F\u00fcr Ihren erneuten Besuch gilt dann die neue Datenschutzerkl\u00e4rung.<\/p>\n        <\/div>\n      <\/div>\n    <\/section>\n    \n    \n    \n  \n","protected":false},"excerpt":{"rendered":"<p>Datenschutz Die nachfolgende Datenschutzerkl\u00e4rung gilt f\u00fcr die Nutzung der Webseite [https:\/\/www.vereinsring-finthen.de] &#8211; (nachfolgend als \u201eWebsite\u201d bezeichnet) betrieben durch den Vereinsring Finthen (nachfolgend als \u201eBetreiber\u201d bezeichnet). Grundlagen f\u00fcr die Datenschutzerkl\u00e4rung sind die Bestimmungen der Verordnung der Europ\u00e4ischen Union 2016\/679 (Datenschutz-Grundverordnung) mit den zugeh\u00f6rigen Erw\u00e4gungsgr\u00fcnden und das Bundesdatenschutzgesetz_neu BDSG (neu) 2018. Eine Nutzung unserer frei zug\u00e4nglichen Internetseiten &hellip; <a href=\"https:\/\/www.vereinsring-finthen.de\/index.php\/datenschutz\/\" class=\"more-link\">Continue reading<span class=\"screen-reader-text\"> &#8222;Datenschutz&#8220;<\/span><\/a><\/p>\n","protected":false},"author":1,"featured_media":0,"parent":0,"menu_order":3,"comment_status":"closed","ping_status":"closed","template":"","meta":{"footnotes":""},"class_list":["post-63","page","type-page","status-publish","hentry"],"_links":{"self":[{"href":"https:\/\/www.vereinsring-finthen.de\/index.php\/wp-json\/wp\/v2\/pages\/63","targetHints":{"allow":["GET"]}}],"collection":[{"href":"https:\/\/www.vereinsring-finthen.de\/index.php\/wp-json\/wp\/v2\/pages"}],"about":[{"href":"https:\/\/www.vereinsring-finthen.de\/index.php\/wp-json\/wp\/v2\/types\/page"}],"author":[{"embeddable":true,"href":"https:\/\/www.vereinsring-finthen.de\/index.php\/wp-json\/wp\/v2\/users\/1"}],"replies":[{"embeddable":true,"href":"https:\/\/www.vereinsring-finthen.de\/index.php\/wp-json\/wp\/v2\/comments?post=63"}],"version-history":[{"count":2,"href":"https:\/\/www.vereinsring-finthen.de\/index.php\/wp-json\/wp\/v2\/pages\/63\/revisions"}],"predecessor-version":[{"id":189,"href":"https:\/\/www.vereinsring-finthen.de\/index.php\/wp-json\/wp\/v2\/pages\/63\/revisions\/189"}],"wp:attachment":[{"href":"https:\/\/www.vereinsring-finthen.de\/index.php\/wp-json\/wp\/v2\/media?parent=63"}],"curies":[{"name":"wp","href":"https:\/\/api.w.org\/{rel}","templated":true}]}}