{"id":64,"date":"2023-06-05T12:42:06","date_gmt":"2023-06-05T12:42:06","guid":{"rendered":"https:\/\/www.vereinsring-finthen.de\/index.php\/kontakt\/"},"modified":"2024-02-02T04:42:25","modified_gmt":"2024-02-02T03:42:25","slug":"kontakt","status":"publish","type":"page","link":"https:\/\/www.vereinsring-finthen.de\/index.php\/kontakt\/","title":{"rendered":"Kontakt"},"content":{"rendered":"\n  \n    \n    <section class=\"u-clearfix u-grey-10 u-section-2\" id=\"sec-22c4\">\n      <div class=\"u-clearfix u-sheet u-sheet-1\"><\/div>\n    <\/section>\n    <section class=\"u-align-center u-clearfix u-gradient u-section-3\" id=\"sec-58ba\">\n      <div class=\"u-clearfix u-sheet u-sheet-1\">\n        <div class=\"u-clearfix u-expanded-width u-gutter-10 u-layout-wrap u-layout-wrap-1\">\n          <div class=\"u-gutter-0 u-layout\">\n            <div class=\"u-layout-row\">\n              <div class=\"u-size-30\">\n                <div class=\"u-layout-col\">\n                  <div class=\"u-align-left u-container-style u-layout-cell u-left-cell u-size-30 u-layout-cell-1\">\n                    <div class=\"u-container-layout u-container-layout-1\">\n                      <h2 class=\"u-text u-text-1\">Vereinsring Mz-Finthen 1950<br>Vorsitzender: J\u00fcrgen Hinkel \n                      <\/h2>\n                      <p class=\"u-text u-text-2\">Kronenstr. 5<\/p>\n                      <p class=\"u-text u-text-3\">55126 Mainz<\/p>\n                      <p class=\"u-text u-text-4\">info@vereinsring-finthen.de<\/p>\n                      <p class=\"u-text u-text-5\">\n                        <span style=\"font-weight: 700;\">Beitrags- und Spendenkonto:<\/span>&nbsp;<br>DE83 5509 1200 0085 1465 05 VR Bank Mainz e.G. \n                      <\/p>\n                    <\/div>\n                  <\/div>\n                  <div class=\"u-align-left u-container-style u-layout-cell u-left-cell u-size-30 u-layout-cell-2\">\n                    <div class=\"u-container-layout u-valign-top u-container-layout-2\">\n                      <div class=\"u-form u-form-1\">\n                        <form action=\"https:\/\/forms.nicepagesrv.com\/v2\/form\/process\" class=\"u-clearfix u-form-spacing-10 u-form-vertical u-inner-form\" style=\"padding: 10px\" source=\"email\" name=\"form-5\">\n                          <div class=\"u-form-group u-form-name u-label-none\">\n                            <label for=\"name-5359\" class=\"u-label\">Name<\/label>\n                            <input type=\"text\" placeholder=\"Name\" id=\"name-5359\" name=\"name\" class=\"u-input u-input-rectangle\" required=\"\">\n                          <\/div>\n                          <div class=\"u-form-email u-form-group u-label-none\">\n                            <label for=\"email-5359\" class=\"u-label\">Email<\/label>\n                            <input type=\"email\" placeholder=\"Email\" id=\"email-5359\" name=\"email\" class=\"u-input u-input-rectangle\" required=\"\">\n                          <\/div>\n                          <div class=\"u-form-group u-form-message u-label-none\">\n                            <label for=\"message-5359\" class=\"u-label\">Address<\/label>\n                            <textarea placeholder=\"Nachricht\" rows=\"4\" cols=\"50\" id=\"message-5359\" name=\"message\" class=\"u-input u-input-rectangle\" required=\"\"><\/textarea>\n                          <\/div>\n                          <div class=\"u-form-group u-form-submit\">\n                            <a href=\"#\" class=\"u-btn u-btn-submit u-button-style\">Senden<\/a>\n                            <input type=\"submit\" value=\"submit\" class=\"u-form-control-hidden\">\n                          <\/div>\n                          <div class=\"u-form-send-message u-form-send-success\">Danke f\u00fcr Ihre Kontaktaufnahme. \nWir melden uns umgehend.<\/div>\n                          <div class=\"u-form-send-error u-form-send-message\">Ups, da ist etwas schief gegangen.<\/div>\n                          <input type=\"hidden\" value=\"\" name=\"recaptchaResponse\">\n                          <input type=\"hidden\" name=\"formServices\" value=\"49a29d0e-42c6-8ab3-a8d0-f4ce021aaa55\">\n                          <input type=\"hidden\" name=\"siteKey\" value=\"6Ld_uDEmAAAAACah59eaJicI6It5la4rX27KOhlb\">\n                        <\/form>\n                      <\/div>\n                    <\/div>\n                  <\/div>\n                <\/div>\n              <\/div>\n              <div class=\"u-size-30\">\n                <div class=\"u-layout-col\">\n                  <div class=\"u-align-left u-container-style u-layout-cell u-right-cell u-size-60 u-layout-cell-3\">\n                    <div class=\"u-container-layout u-container-layout-3\">\n                      <div class=\"u-expanded u-grey-light-2 u-map\">\n                        <div class=\"embed-responsive\">\n                          <iframe class=\"embed-responsive-item\" src=\"https:\/\/maps.google.com\/maps?output=embed&amp;q=Mainz%20Finthen&amp;z=10&amp;t=m\" data-map=\"JTdCJTIycG9zaXRpb25UeXBlJTIyJTNBJTIybWFwLXBvaW50JTIyJTJDJTIyYWRkcmVzcyUyMiUzQSUyMk1haW56JTIwRmludGhlbiUyMiUyQyUyMnpvb20lMjIlM0ExMCUyQyUyMnR5cGVJZCUyMiUzQSUyMnJvYWQlMjIlMkMlMjJsYW5nJTIyJTNBJTIyJTIyJTdE\"><\/iframe>\n                        <\/div>\n                      <\/div>\n                    <\/div>\n                  <\/div>\n                <\/div>\n              <\/div>\n            <\/div>\n          <\/div>\n        <\/div>\n        <p class=\"u-align-left u-text u-text-6\">\n          <span style=\"font-weight: 700;\">Impressum:<\/span>\n          <br>\n          <br><b>Organisation:<\/b>\n          <br>Vereinsring-Finthen<br>Kronenstr. 5<br>55126 Mainz-Finthen<br>\n          <br>Der Vereinsring-Finthen unterh\u00e4lt keinen wirtschaftlichen Bereich.<br>\n          <br><b>Vertreten durch:<\/b>\n          <br>J\u00fcrgen Hinkel (Vorsitzender)<br>Telefon: 06131 40 962<br>E-Mail: vorsitzender@vereinsring-finthen.de<br>\n          <br><b>Autor, Design und Copyright:<\/b>\n          <br>Curt Zschernig<br>\n          <br>\u00a9 2023 - 2030 Curt Zschernig<br>\n          <br><b>Urheberrecht:<\/b>\n          <br>Die Inhalte und Werke auf diesen Seiten unterliegen dem deutschen Urheberrecht. Die Vervielf\u00e4ltigung, Bearbeitung, Verbreitung und jede Art der Verwertung au\u00dferhalb der Grenzen des Urheberrechtes bed\u00fcrfen der schriftlichen Zustimmung des Autors. Downloads und Kopien dieser Seite sind nur f\u00fcr den privaten, nicht kommerziellen Gebrauch gestattet. Soweit die Inhalte auf dieser Seite nicht vom Betreiber erstellt wurden, werden die Urheberrechte Dritter beachtet. Insbesondere werden Inhalte Dritter als solche gekennzeichnet.<br>\n          <br><b>Nutzung:<\/b>\n          <br>Der Nutzung von im Rahmen der Impressumspflicht ver\u00f6ffentlichten Kontaktdaten durch Dritte zur \u00dcbersendung von nicht ausdr\u00fccklich angeforderter Werbung und Informationsmaterialien wird hiermit ausdr\u00fccklich widersprochen. Die Betreiber der Seiten behalten sich ausdr\u00fccklich rechtliche Schritte im Falle der unverlangten Zusendung von Werbeinformationen, etwa durch Spam-Mails, vor.<br>\n          <br><b>Sonstiges:<\/b>\n          <br>Aus Gr\u00fcnden der besseren Lesbarkeit und der Forderung nach Barrierefreiheit wird auf unseren Seiten das generische Maskulinum verwendet. S\u00e4mtliche Personenbezeichnungen gelten gleicherma\u00dfen f\u00fcr&nbsp;alle&nbsp;Geschlechter.<br>\n        <\/p>\n      <\/div>\n    <\/section>\n    \n    \n    \n  \n","protected":false},"excerpt":{"rendered":"<p>Vereinsring Mz-Finthen 1950Vorsitzender: J\u00fcrgen Hinkel Kronenstr. 5 55126 Mainz info@vereinsring-finthen.de Beitrags- und Spendenkonto:&nbsp;DE83 5509 1200 0085 1465 05 VR Bank Mainz e.G. Name Email Address Senden Danke f\u00fcr Ihre Kontaktaufnahme. Wir melden uns umgehend. Ups, da ist etwas schief gegangen. Impressum: Organisation: Vereinsring-FinthenKronenstr. 555126 Mainz-Finthen Der Vereinsring-Finthen unterh\u00e4lt keinen wirtschaftlichen Bereich. Vertreten durch: J\u00fcrgen Hinkel &hellip; <a href=\"https:\/\/www.vereinsring-finthen.de\/index.php\/kontakt\/\" class=\"more-link\">Continue reading<span class=\"screen-reader-text\"> &#8222;Kontakt&#8220;<\/span><\/a><\/p>\n","protected":false},"author":1,"featured_media":0,"parent":0,"menu_order":4,"comment_status":"closed","ping_status":"closed","template":"","meta":{"footnotes":""},"class_list":["post-64","page","type-page","status-publish","hentry"],"_links":{"self":[{"href":"https:\/\/www.vereinsring-finthen.de\/index.php\/wp-json\/wp\/v2\/pages\/64","targetHints":{"allow":["GET"]}}],"collection":[{"href":"https:\/\/www.vereinsring-finthen.de\/index.php\/wp-json\/wp\/v2\/pages"}],"about":[{"href":"https:\/\/www.vereinsring-finthen.de\/index.php\/wp-json\/wp\/v2\/types\/page"}],"author":[{"embeddable":true,"href":"https:\/\/www.vereinsring-finthen.de\/index.php\/wp-json\/wp\/v2\/users\/1"}],"replies":[{"embeddable":true,"href":"https:\/\/www.vereinsring-finthen.de\/index.php\/wp-json\/wp\/v2\/comments?post=64"}],"version-history":[{"count":2,"href":"https:\/\/www.vereinsring-finthen.de\/index.php\/wp-json\/wp\/v2\/pages\/64\/revisions"}],"predecessor-version":[{"id":122,"href":"https:\/\/www.vereinsring-finthen.de\/index.php\/wp-json\/wp\/v2\/pages\/64\/revisions\/122"}],"wp:attachment":[{"href":"https:\/\/www.vereinsring-finthen.de\/index.php\/wp-json\/wp\/v2\/media?parent=64"}],"curies":[{"name":"wp","href":"https:\/\/api.w.org\/{rel}","templated":true}]}}