{"id":66,"date":"2023-06-05T12:42:08","date_gmt":"2023-06-05T12:42:08","guid":{"rendered":"https:\/\/www.vereinsring-finthen.de\/index.php\/termine\/"},"modified":"2025-12-09T13:20:41","modified_gmt":"2025-12-09T12:20:41","slug":"termine","status":"publish","type":"page","link":"https:\/\/www.vereinsring-finthen.de\/index.php\/termine\/","title":{"rendered":"Termine"},"content":{"rendered":"\n  \n    \n    <section class=\"u-clearfix u-grey-10 u-section-2\" id=\"sec-22c4\">\n      <div class=\"u-clearfix u-sheet u-sheet-1\"><\/div>\n    <\/section>\n    <section class=\"u-clearfix u-gradient u-section-3\" id=\"sec-fc3a\">\n      <div class=\"u-clearfix u-sheet u-valign-middle u-sheet-1\">\n        <h4 class=\"u-text u-text-default u-text-1\">Termine unserer Mitglieder<span style=\"font-weight: 700;\"><\/span>\n        <\/h4>\n      <\/div>\n    <\/section>\n    <section class=\"u-clearfix u-gradient u-section-4\" id=\"sec-e740\">\n      <div class=\"u-clearfix u-sheet u-sheet-1\">\n        <div class=\"u-clearfix u-custom-html u-expanded-width u-custom-html-1\">\n          <iframe loading=\"lazy\" src=\"https:\/\/calendar.google.com\/calendar\/embed?height=600&amp;wkst=2&amp;bgcolor=%23ffffff&amp;ctz=Europe%2FBerlin&amp;showTitle=1&amp;mode=MONTH&amp;title=VR%20Finthen&amp;src=dnJmaW50aGVuQGdtYWlsLmNvbQ&amp;src=ZGUuZ2VybWFuI2hvbGlkYXlAZ3JvdXAudi5jYWxlbmRhci5nb29nbGUuY29t&amp;color=%234285F4&amp;color=%230B8043\" style=\"border-width:0\" width=\"800\" height=\"600\" frameborder=\"0\" scrolling=\"no\"><\/iframe>\n          <style><\/style>\n          <p>Meldungen f\u00fcr den Jahreskalender bitte an admin@vereinsring-finthen.de <\/p>\n        <\/div>\n      <\/div>\n    <\/section>\n    <section class=\"u-align-center u-clearfix u-container-align-center u-gradient u-section-5\" id=\"sec-025a\">\n      <div class=\"u-clearfix u-sheet u-sheet-1\">\n        <h4 class=\"u-align-left u-text u-text-default u-text-1\">Download<br>\n        <\/h4>\n        <div class=\"u-expanded-width u-list u-list-1\">\n          <div class=\"u-repeater u-repeater-1\">\n            <div class=\"u-container-style u-list-item u-repeater-item\">\n              <div class=\"u-container-layout u-similar-container u-container-layout-1\"><span class=\"u-file-icon u-file-link u-icon u-icon-1\" data-href=\"https:\/\/www.vereinsring-finthen.de\/wp-content\/uploads\/2023\/06\/VRF_Satzung_200808.pdf\" data-target=\"_blank\"><img decoding=\"async\" src=\"https:\/\/www.vereinsring-finthen.de\/wp-content\/uploads\/2023\/06\/1324029.png\" alt=\"\"><\/span>\n                <h3 class=\"u-align-center u-text u-text-2\">Satzung<br>auf das Symbol klicken \n                <\/h3>\n              <\/div>\n            <\/div>\n            <div class=\"u-container-style u-list-item u-repeater-item\">\n              <div class=\"u-container-layout u-similar-container u-container-layout-2\"><span class=\"u-file-icon u-file-link u-icon u-icon-2\" data-href=\"https:\/\/www.vereinsring-finthen.de\/wp-content\/uploads\/2023\/06\/VRF_Termine_2023.pdf\" data-target=\"_blank\"><img decoding=\"async\" src=\"https:\/\/www.vereinsring-finthen.de\/wp-content\/uploads\/2023\/06\/8138334.png\" alt=\"\"><\/span>\n                <h3 class=\"u-align-center u-text u-text-3\">Termine in der \u00dcbersicht<br>auf das Symbol klicken<br>\n                <\/h3>\n              <\/div>\n            <\/div>\n            <div class=\"u-container-style u-list-item u-repeater-item\">\n              <div class=\"u-container-layout u-similar-container u-container-layout-3\"><span class=\"u-file-icon u-file-link u-icon u-icon-3\" data-href=\"https:\/\/www.vereinsring-finthen.de\/wp-content\/uploads\/2025\/12\/Jahresheft_2026.pdf\" data-target=\"_blank\"><img decoding=\"async\" src=\"https:\/\/www.vereinsring-finthen.de\/wp-content\/uploads\/2023\/06\/6552933.png\" alt=\"\"><\/span>\n                <h3 class=\"u-align-center u-text u-text-4\">Jahresheft 2026<br>auf das Symbol klicken<br>Das Jahresheft ist kostenlos beim Vereinsring erh\u00e4ltlich.\n                <\/h3>\n              <\/div>\n            <\/div>\n            <div class=\"u-container-style u-list-item u-repeater-item\">\n              <div class=\"u-container-layout u-similar-container u-container-layout-4\"><span class=\"u-file-icon u-file-link u-icon u-icon-4\" data-href=\"https:\/\/www.vereinsring-finthen.de\/wp-content\/uploads\/2023\/11\/Jahresheft_2024.pdf\" data-target=\"_blank\" title=\"jahresheft_2024-pdf\"><img decoding=\"async\" src=\"https:\/\/www.vereinsring-finthen.de\/wp-content\/uploads\/2023\/06\/6552933.png\" alt=\"\"><\/span>\n                <h3 class=\"u-align-center u-text u-text-5\">Jahresheft 2024<br>auf das Symbol klicken<br>Das Jahresheft ist kostenlos beim Vereinsring erh\u00e4ltlich.\n                <\/h3>\n              <\/div>\n            <\/div>\n            <div class=\"u-container-style u-list-item u-repeater-item\">\n              <div class=\"u-container-layout u-similar-container u-container-layout-5\"><span class=\"u-file-icon u-file-link u-icon u-icon-5\" data-href=\"https:\/\/www.vereinsring-finthen.de\/wp-content\/uploads\/2023\/06\/S.1Titel.pdf\" data-target=\"_blank\"><img decoding=\"async\" src=\"https:\/\/www.vereinsring-finthen.de\/wp-content\/uploads\/2023\/06\/6552933.png\" alt=\"\"><\/span>\n                <h3 class=\"u-align-center u-text u-text-6\">Jahresheft 2023<br>auf das Symbol klicken<br>Das Jahresheft ist kostenlos beim Vereinsring erh\u00e4ltlich.\n                <\/h3>\n              <\/div>\n            <\/div>\n          <\/div>\n        <\/div>\n      <\/div>\n    <\/section>\n    \n    \n    \n  \n","protected":false},"excerpt":{"rendered":"<p>Termine unserer Mitglieder Meldungen f\u00fcr den Jahreskalender bitte an admin@vereinsring-finthen.de Download Satzungauf das Symbol klicken Termine in der \u00dcbersichtauf das Symbol klicken Jahresheft 2026auf das Symbol klickenDas Jahresheft ist kostenlos beim Vereinsring erh\u00e4ltlich. Jahresheft 2024auf das Symbol klickenDas Jahresheft ist kostenlos beim Vereinsring erh\u00e4ltlich. Jahresheft 2023auf das Symbol klickenDas Jahresheft ist kostenlos beim Vereinsring erh\u00e4ltlich.<\/p>\n","protected":false},"author":1,"featured_media":0,"parent":0,"menu_order":6,"comment_status":"closed","ping_status":"closed","template":"","meta":{"footnotes":""},"class_list":["post-66","page","type-page","status-publish","hentry"],"_links":{"self":[{"href":"https:\/\/www.vereinsring-finthen.de\/index.php\/wp-json\/wp\/v2\/pages\/66","targetHints":{"allow":["GET"]}}],"collection":[{"href":"https:\/\/www.vereinsring-finthen.de\/index.php\/wp-json\/wp\/v2\/pages"}],"about":[{"href":"https:\/\/www.vereinsring-finthen.de\/index.php\/wp-json\/wp\/v2\/types\/page"}],"author":[{"embeddable":true,"href":"https:\/\/www.vereinsring-finthen.de\/index.php\/wp-json\/wp\/v2\/users\/1"}],"replies":[{"embeddable":true,"href":"https:\/\/www.vereinsring-finthen.de\/index.php\/wp-json\/wp\/v2\/comments?post=66"}],"version-history":[{"count":5,"href":"https:\/\/www.vereinsring-finthen.de\/index.php\/wp-json\/wp\/v2\/pages\/66\/revisions"}],"predecessor-version":[{"id":252,"href":"https:\/\/www.vereinsring-finthen.de\/index.php\/wp-json\/wp\/v2\/pages\/66\/revisions\/252"}],"wp:attachment":[{"href":"https:\/\/www.vereinsring-finthen.de\/index.php\/wp-json\/wp\/v2\/media?parent=66"}],"curies":[{"name":"wp","href":"https:\/\/api.w.org\/{rel}","templated":true}]}}